{"id":13,"date":"2020-08-18T11:48:15","date_gmt":"2020-08-18T11:48:15","guid":{"rendered":"http:\/\/www.trustleatheristanbulturkey.com\/?page_id=13"},"modified":"2020-08-18T11:48:15","modified_gmt":"2020-08-18T11:48:15","slug":"hakkimizda","status":"publish","type":"page","link":"http:\/\/www.trustleatheristanbulturkey.com\/?page_id=13","title":{"rendered":"Hakk\u0131m\u0131zda"},"content":{"rendered":"\n<p>Kendini ve i\u015flerini tan\u0131tmak isteyen bir sanat\u00e7\u0131 olabilece\u011finiz gibi misyonunu a\u00e7\u0131klamak isteyen bir firma da olabilirsiniz.<\/p>\n","protected":false},"excerpt":{"rendered":"<p>Kendini ve i\u015flerini tan\u0131tmak isteyen bir sanat\u00e7\u0131 olabilece\u011finiz gibi misyonunu a\u00e7\u0131klamak isteyen bir firma da olabilirsiniz.<\/p>\n","protected":false},"author":1,"featured_media":0,"parent":0,"menu_order":0,"comment_status":"closed","ping_status":"closed","template":"","meta":[],"_links":{"self":[{"href":"http:\/\/www.trustleatheristanbulturkey.com\/index.php?rest_route=\/wp\/v2\/pages\/13"}],"collection":[{"href":"http:\/\/www.trustleatheristanbulturkey.com\/index.php?rest_route=\/wp\/v2\/pages"}],"about":[{"href":"http:\/\/www.trustleatheristanbulturkey.com\/index.php?rest_route=\/wp\/v2\/types\/page"}],"author":[{"embeddable":true,"href":"http:\/\/www.trustleatheristanbulturkey.com\/index.php?rest_route=\/wp\/v2\/users\/1"}],"replies":[{"embeddable":true,"href":"http:\/\/www.trustleatheristanbulturkey.com\/index.php?rest_route=%2Fwp%2Fv2%2Fcomments&post=13"}],"version-history":[{"count":1,"href":"http:\/\/www.trustleatheristanbulturkey.com\/index.php?rest_route=\/wp\/v2\/pages\/13\/revisions"}],"predecessor-version":[{"id":20,"href":"http:\/\/www.trustleatheristanbulturkey.com\/index.php?rest_route=\/wp\/v2\/pages\/13\/revisions\/20"}],"wp:attachment":[{"href":"http:\/\/www.trustleatheristanbulturkey.com\/index.php?rest_route=%2Fwp%2Fv2%2Fmedia&parent=13"}],"curies":[{"name":"wp","href":"https:\/\/api.w.org\/{rel}","templated":true}]}}